{"id":2351,"date":"2020-04-21T22:02:13","date_gmt":"2020-04-21T20:02:13","guid":{"rendered":"https:\/\/pankert.com\/?page_id=2351"},"modified":"2020-04-21T22:03:29","modified_gmt":"2020-04-21T20:03:29","slug":"cgv","status":"publish","type":"page","link":"https:\/\/pankert.com\/fr\/cgv\/","title":{"rendered":"CGV"},"content":{"rendered":"<h2>Conditions g\u00e9n\u00e9rales pour l\u2019utilisation du site Internet https:\/\/pankert.com<\/h2>\n<p>Bienvenue sur pankert.com, le site Internet de la soci\u00e9t\u00e9 \u00ab Optik Caroline Pankert SRL \u00bb<br \/>\nrue du Couvent 23 \u2013 4700 Eupen.<\/p>\n<p>Notre site est la vitrine de notre activit\u00e9 commerciale, c\u2019est-\u00e0-dire boutique de lunettes et services d\u2019opticien optom\u00e9triste que nous d\u00e9livrons rue du Couvent 23 \u00e0 4700 Eupen. Notre boutique est ouverte au public du mardi au vendredi inclus, de 9h \u00e0 18h00 et le samedi de 9h \u00e0 17h.<\/p>\n<p>Ce document vous pr\u00e9sente les conditions d\u2019utilisation des diff\u00e9rents services en ligne propos\u00e9s sur notre site Internet et les engagements entre la soci\u00e9t\u00e9 \u00ab\u00a0Optik Caroline Pankert\u00a0\u00bb (ci-apr\u00e8s \u00ab\u00a0Optik Caroline Pankert\u00a0\u00bb ou \u00ab\u00a0nous\u00a0\u00bb) et les utilisateurs du site Internet (ci-dessous l&rsquo; \u00ab\u00a0utilisateur\u00a0\u00bb ou \u00ab\u00a0vous\u00a0\u00bb).<\/p>\n<p>Sur notre site Internet, via notre adresse email ou par t\u00e9l\u00e9phone, vous pouvez (i) solliciter un rendez-vous en boutique pour un examen de la vision, une r\u00e9paration, pour un essayage de lunettes et\/ou (ii) passer une commande.<\/p>\n<p>Donn\u00e9es personnelles et vie priv\u00e9e : Optik Caroline Pankert s\u2019engage \u00e0 respecter la loi Belge en vigueur concernant l\u2019utilisation de donn\u00e9es personnelles. Les donn\u00e9es que vous nous communiquez sur notre site, par email ou par t\u00e9l\u00e9phone restent dans le sein de notre soci\u00e9t\u00e9, elles ne seront jamais vendues ou transmises \u00e0 une autre partie \u00e0 des fins commerciales.<\/p>\n<p>L\u2019utilisateur qui passe commande via email ou t\u00e9l\u00e9phone ou demande un rendez-vous s\u2019engage \u00e0 communiquer des donn\u00e9es r\u00e9elles (dont son adresse et son num\u00e9ro de t\u00e9l\u00e9phone), qui seront utilis\u00e9es pour la communication concernant la commande et, le cas \u00e9ch\u00e9ant, la livraison de la commande.<\/p>\n<p>Disponibilit\u00e9 des mod\u00e8les de lunettes expos\u00e9s sur notre site : nous faisons de notre mieux pour tenir \u00e0 jour notre catalogue mais nous ne pouvons vous garantir la disponibilit\u00e9 en stock des mod\u00e8les expos\u00e9s sur notre site.<\/p>\n<p>S\u00e9lection et r\u00e9servation de lunettes sur notre site : dans la mesure de disponibilit\u00e9 du stock, nous nous engageons \u00e0 r\u00e9server les lunettes que vous aurez s\u00e9lectionn\u00e9 sur le site jusqu\u2019\u00e0 la date de rendez-vous fix\u00e9 ou la date de livraison.<\/p>\n<p>Dans le cas o\u00f9 nous devrions faire face \u00e0 un manque de disponibilit\u00e9 du ou des mod\u00e8les que vous avez s\u00e9lectionn\u00e9s ou de pr\u00e9sence \u00e0 un rendez-vous que vous avez sollicit\u00e9, nous nous gardons la possibilit\u00e9 de vous contacter pour fixer ensemble un nouveau rendez-vous ou une nouvelle date de livraison.<\/p>\n<p>Annulation d\u2019un rendez-vous : vous avez la possibilit\u00e9 d\u2019annuler vos rendez-vous \u00e0 n\u2019importe quel moment en nous appelant. Aucun frais ne vous sera demand\u00e9 en cas d\u2019annulation de rendez-vous.<br \/>\nToute r\u00e9clamation peut \u00eatre adress\u00e9e par courrier recommand\u00e9 \u00e0 \u00ab Optik Caroline Pankert \u00bb, rue du Couvent 23 \u2013 4700 Eupen.<\/p>\n<p>Tout conflit sera trait\u00e9 sous la juridiction Belge en vigueur et par les tribunaux de Eupen.<\/p>\n","protected":false},"excerpt":{"rendered":"Conditions g\u00e9n\u00e9rales pour l\u2019utilisation du site Internet https:\/\/pankert.com Bienvenue sur pankert.com, le site Internet de la soci\u00e9t\u00e9 \u00ab Optik Caroline Pankert SRL \u00bb rue du Couvent 23 \u2013 4700 Eupen. Notre site est la vitrine de notre activit\u00e9 commerciale, c\u2019est-\u00e0-dire boutique de lunettes et services d\u2019opticien optom\u00e9triste que nous d\u00e9livrons rue du Couvent 23 \u00e0&#8230; <a class=\"view-article\" href=\"https:\/\/pankert.com\/fr\/cgv\/\">View Article<\/a>","protected":false},"author":1,"featured_media":0,"parent":0,"menu_order":999,"comment_status":"closed","ping_status":"closed","template":"modules\/datenschutzerklaerung.php","meta":{"inline_featured_image":false,"footnotes":""},"class_list":["post-2351","page","type-page","status-publish","hentry"],"acf":[],"_links":{"self":[{"href":"https:\/\/pankert.com\/fr\/wp-json\/wp\/v2\/pages\/2351","targetHints":{"allow":["GET"]}}],"collection":[{"href":"https:\/\/pankert.com\/fr\/wp-json\/wp\/v2\/pages"}],"about":[{"href":"https:\/\/pankert.com\/fr\/wp-json\/wp\/v2\/types\/page"}],"author":[{"embeddable":true,"href":"https:\/\/pankert.com\/fr\/wp-json\/wp\/v2\/users\/1"}],"replies":[{"embeddable":true,"href":"https:\/\/pankert.com\/fr\/wp-json\/wp\/v2\/comments?post=2351"}],"version-history":[{"count":2,"href":"https:\/\/pankert.com\/fr\/wp-json\/wp\/v2\/pages\/2351\/revisions"}],"predecessor-version":[{"id":2353,"href":"https:\/\/pankert.com\/fr\/wp-json\/wp\/v2\/pages\/2351\/revisions\/2353"}],"wp:attachment":[{"href":"https:\/\/pankert.com\/fr\/wp-json\/wp\/v2\/media?parent=2351"}],"curies":[{"name":"wp","href":"https:\/\/api.w.org\/{rel}","templated":true}]}}