{"id":3649,"date":"2023-05-16T08:45:43","date_gmt":"2023-05-16T06:45:43","guid":{"rendered":"https:\/\/pankert.com\/actions\/premium-31\/"},"modified":"2023-05-16T08:46:55","modified_gmt":"2023-05-16T06:46:55","slug":"premium-31","status":"publish","type":"page","link":"https:\/\/pankert.com\/fr\/actions\/premium-31\/","title":{"rendered":"Premium 3+1"},"content":{"rendered":"<p>Dank unseres Zweitbrillenbonus zahlen Sie beim Kauf einer Brille nur ein Brillenglas f\u00fcr die zweite Brille. Ja, Sie haben richtig geh\u00f6rt: Sie erhalten 4 Gl\u00e4ser zum Preis von 3! Gar nicht uninteressant, nicht wahr?<\/p>\n","protected":false},"excerpt":{"rendered":"Dank unseres Zweitbrillenbonus zahlen Sie beim Kauf einer Brille nur ein Brillenglas f\u00fcr die zweite Brille. Ja, Sie haben richtig geh\u00f6rt: Sie erhalten 4 Gl\u00e4ser zum Preis von 3! Gar nicht uninteressant, nicht wahr?","protected":false},"author":2,"featured_media":0,"parent":442,"menu_order":0,"comment_status":"closed","ping_status":"closed","template":"artikel.php","meta":{"inline_featured_image":false,"footnotes":""},"class_list":["post-3649","page","type-page","status-publish","hentry"],"acf":[],"_links":{"self":[{"href":"https:\/\/pankert.com\/fr\/wp-json\/wp\/v2\/pages\/3649","targetHints":{"allow":["GET"]}}],"collection":[{"href":"https:\/\/pankert.com\/fr\/wp-json\/wp\/v2\/pages"}],"about":[{"href":"https:\/\/pankert.com\/fr\/wp-json\/wp\/v2\/types\/page"}],"author":[{"embeddable":true,"href":"https:\/\/pankert.com\/fr\/wp-json\/wp\/v2\/users\/2"}],"replies":[{"embeddable":true,"href":"https:\/\/pankert.com\/fr\/wp-json\/wp\/v2\/comments?post=3649"}],"version-history":[{"count":1,"href":"https:\/\/pankert.com\/fr\/wp-json\/wp\/v2\/pages\/3649\/revisions"}],"predecessor-version":[{"id":3650,"href":"https:\/\/pankert.com\/fr\/wp-json\/wp\/v2\/pages\/3649\/revisions\/3650"}],"up":[{"embeddable":true,"href":"https:\/\/pankert.com\/fr\/wp-json\/wp\/v2\/pages\/442"}],"wp:attachment":[{"href":"https:\/\/pankert.com\/fr\/wp-json\/wp\/v2\/media?parent=3649"}],"curies":[{"name":"wp","href":"https:\/\/api.w.org\/{rel}","templated":true}]}}