{"id":3894,"date":"2023-11-25T09:46:06","date_gmt":"2023-11-25T08:46:06","guid":{"rendered":"https:\/\/pankert.com\/?page_id=3894"},"modified":"2023-11-25T09:53:03","modified_gmt":"2023-11-25T08:53:03","slug":"lexilens","status":"publish","type":"page","link":"https:\/\/pankert.com\/fr\/lexilens\/","title":{"rendered":"Lexilens"},"content":{"rendered":"<p style=\"padding-left: 160px;\">Lexilens est une aide \u00e0 la lecture r\u00e9volutionnaire pour les personnes atteintes de dyslexie. Les lunettes int\u00e8grent un filtre actif de pointe qui \u00e9limine les images parasites rendant la lecture difficile.<\/p>\n<p style=\"padding-left: 160px;\">Fabriqu\u00e9es \u00e0 la main en France, les Lexilens sont imprim\u00e9es localement en 3D avec des mat\u00e9riaux biosourc\u00e9s afin de minimiser l&#8217;empreinte carbone.<\/p>\n<p style=\"padding-left: 160px;\">Lexilens est disponible pour tout le monde et existe en trois tailles.<\/p>\n<p style=\"padding-left: 160px;\">Les lunettes sont livr\u00e9es avec un clip dans lequel vous pouvez ins\u00e9rer vos verres de prescription.<\/p>\n<p style=\"padding-left: 160px;\">Aucun apprentissage n&rsquo;est n\u00e9cessaire pour utiliser Lexilens. Il suffit de les mettre et de lire.<\/p>\n<p style=\"padding-left: 160px;\">Le produit fonctionne avec une batterie. Recharger votre Lexilens est aussi simple que de recharger votre smartphone. Une charge compl\u00e8te dure environ 5 heures et offre 25 heures d&rsquo;autonomie.<\/p>\n<p style=\"padding-left: 160px;\">Un seul bouton permet d&rsquo;allumer et d&rsquo;\u00e9teindre les lunettes. Elles sont faciles \u00e0 utiliser et les r\u00e9glages ne peuvent pas se d\u00e9r\u00e9gler.<\/p>\n<p style=\"padding-left: 160px;\">Si vous souhaitez en savoir plus sur Lexilens, n&rsquo;h\u00e9sitez pas \u00e0 prendre rendez-vous avec nous pour venir les essayer.<\/p>\n","protected":false},"excerpt":{"rendered":"Lexilens est une aide \u00e0 la lecture r\u00e9volutionnaire pour les personnes atteintes de dyslexie. Les lunettes int\u00e8grent un filtre actif de pointe qui \u00e9limine les images parasites rendant la lecture difficile. Fabriqu\u00e9es \u00e0 la main en France, les Lexilens sont imprim\u00e9es localement en 3D avec des mat\u00e9riaux biosourc\u00e9s afin de minimiser l&#8217;empreinte carbone. Lexilens est&#8230; <a class=\"view-article\" href=\"https:\/\/pankert.com\/fr\/lexilens\/\">View Article<\/a>","protected":false},"author":4,"featured_media":0,"parent":0,"menu_order":0,"comment_status":"closed","ping_status":"closed","template":"","meta":{"inline_featured_image":false,"footnotes":""},"class_list":["post-3894","page","type-page","status-publish","hentry"],"acf":[],"_links":{"self":[{"href":"https:\/\/pankert.com\/fr\/wp-json\/wp\/v2\/pages\/3894","targetHints":{"allow":["GET"]}}],"collection":[{"href":"https:\/\/pankert.com\/fr\/wp-json\/wp\/v2\/pages"}],"about":[{"href":"https:\/\/pankert.com\/fr\/wp-json\/wp\/v2\/types\/page"}],"author":[{"embeddable":true,"href":"https:\/\/pankert.com\/fr\/wp-json\/wp\/v2\/users\/4"}],"replies":[{"embeddable":true,"href":"https:\/\/pankert.com\/fr\/wp-json\/wp\/v2\/comments?post=3894"}],"version-history":[{"count":2,"href":"https:\/\/pankert.com\/fr\/wp-json\/wp\/v2\/pages\/3894\/revisions"}],"predecessor-version":[{"id":3902,"href":"https:\/\/pankert.com\/fr\/wp-json\/wp\/v2\/pages\/3894\/revisions\/3902"}],"wp:attachment":[{"href":"https:\/\/pankert.com\/fr\/wp-json\/wp\/v2\/media?parent=3894"}],"curies":[{"name":"wp","href":"https:\/\/api.w.org\/{rel}","templated":true}]}}