{"id":4286,"date":"2024-12-02T15:16:13","date_gmt":"2024-12-02T14:16:13","guid":{"rendered":"https:\/\/pankert.com\/?page_id=4286"},"modified":"2024-12-02T15:16:13","modified_gmt":"2024-12-02T14:16:13","slug":"bientot-les-fetes","status":"publish","type":"page","link":"https:\/\/pankert.com\/fr\/actions\/bientot-les-fetes\/","title":{"rendered":"Bient\u00f4t les f\u00eates"},"content":{"rendered":"<p>Faites plaisir \u00e0 vos proches tout en prenant soin de leurs yeux ! Venez d\u00e9couvrir nos suggestions en boutique et profitez d\u2019un service personnalis\u00e9 pour trouver le cadeau parfait.<\/p>\n","protected":false},"excerpt":{"rendered":"Faites plaisir \u00e0 vos proches tout en prenant soin de leurs yeux ! Venez d\u00e9couvrir nos suggestions en boutique et profitez d\u2019un service personnalis\u00e9 pour trouver le cadeau parfait.","protected":false},"author":2,"featured_media":0,"parent":442,"menu_order":0,"comment_status":"closed","ping_status":"closed","template":"artikel.php","meta":{"inline_featured_image":false,"footnotes":""},"class_list":["post-4286","page","type-page","status-publish","hentry"],"acf":[],"_links":{"self":[{"href":"https:\/\/pankert.com\/fr\/wp-json\/wp\/v2\/pages\/4286","targetHints":{"allow":["GET"]}}],"collection":[{"href":"https:\/\/pankert.com\/fr\/wp-json\/wp\/v2\/pages"}],"about":[{"href":"https:\/\/pankert.com\/fr\/wp-json\/wp\/v2\/types\/page"}],"author":[{"embeddable":true,"href":"https:\/\/pankert.com\/fr\/wp-json\/wp\/v2\/users\/2"}],"replies":[{"embeddable":true,"href":"https:\/\/pankert.com\/fr\/wp-json\/wp\/v2\/comments?post=4286"}],"version-history":[{"count":1,"href":"https:\/\/pankert.com\/fr\/wp-json\/wp\/v2\/pages\/4286\/revisions"}],"predecessor-version":[{"id":4287,"href":"https:\/\/pankert.com\/fr\/wp-json\/wp\/v2\/pages\/4286\/revisions\/4287"}],"up":[{"embeddable":true,"href":"https:\/\/pankert.com\/fr\/wp-json\/wp\/v2\/pages\/442"}],"wp:attachment":[{"href":"https:\/\/pankert.com\/fr\/wp-json\/wp\/v2\/media?parent=4286"}],"curies":[{"name":"wp","href":"https:\/\/api.w.org\/{rel}","templated":true}]}}