{"id":4360,"date":"2025-02-06T11:26:41","date_gmt":"2025-02-06T10:26:41","guid":{"rendered":"https:\/\/pankert.com\/?page_id=4360"},"modified":"2025-02-06T11:29:10","modified_gmt":"2025-02-06T10:29:10","slug":"verres-progressifs","status":"publish","type":"page","link":"https:\/\/pankert.com\/fr\/actions\/verres-progressifs\/","title":{"rendered":"Verres progressifs"},"content":{"rendered":"<p><strong>D\u00e9couvrez notre nouvelle technologie !<\/strong><\/p>\n<p>Pour une meilleure vision dans toutes les situations.<br \/>\nD\u00e9couvrez notre technologie innovante de verres progressifs. Gr\u00e2ce \u00e0 une zone de vision de pr\u00e8s jusqu&rsquo;\u00e0 30 % plus large, vous b\u00e9n\u00e9ficiez de plus de confort au quotidien.<br \/>\nNos verres offrent de grands champs de vision.<br \/>\nProfitez d&rsquo;une position naturelle de la t\u00eate et du corps qui soulage vos yeux et assure un confort de port maximal.<\/p>\n","protected":false},"excerpt":{"rendered":"D\u00e9couvrez notre nouvelle technologie ! Pour une meilleure vision dans toutes les situations. D\u00e9couvrez notre technologie innovante de verres progressifs. Gr\u00e2ce \u00e0 une zone de vision de pr\u00e8s jusqu&rsquo;\u00e0 30 % plus large, vous b\u00e9n\u00e9ficiez de plus de confort au quotidien. Nos verres offrent de grands champs de vision. Profitez d&rsquo;une position naturelle de la&#8230; <a class=\"view-article\" href=\"https:\/\/pankert.com\/fr\/actions\/verres-progressifs\/\">View Article<\/a>","protected":false},"author":2,"featured_media":0,"parent":442,"menu_order":0,"comment_status":"closed","ping_status":"closed","template":"artikel.php","meta":{"inline_featured_image":false,"footnotes":""},"class_list":["post-4360","page","type-page","status-publish","hentry"],"acf":[],"_links":{"self":[{"href":"https:\/\/pankert.com\/fr\/wp-json\/wp\/v2\/pages\/4360","targetHints":{"allow":["GET"]}}],"collection":[{"href":"https:\/\/pankert.com\/fr\/wp-json\/wp\/v2\/pages"}],"about":[{"href":"https:\/\/pankert.com\/fr\/wp-json\/wp\/v2\/types\/page"}],"author":[{"embeddable":true,"href":"https:\/\/pankert.com\/fr\/wp-json\/wp\/v2\/users\/2"}],"replies":[{"embeddable":true,"href":"https:\/\/pankert.com\/fr\/wp-json\/wp\/v2\/comments?post=4360"}],"version-history":[{"count":2,"href":"https:\/\/pankert.com\/fr\/wp-json\/wp\/v2\/pages\/4360\/revisions"}],"predecessor-version":[{"id":4366,"href":"https:\/\/pankert.com\/fr\/wp-json\/wp\/v2\/pages\/4360\/revisions\/4366"}],"up":[{"embeddable":true,"href":"https:\/\/pankert.com\/fr\/wp-json\/wp\/v2\/pages\/442"}],"wp:attachment":[{"href":"https:\/\/pankert.com\/fr\/wp-json\/wp\/v2\/media?parent=4360"}],"curies":[{"name":"wp","href":"https:\/\/api.w.org\/{rel}","templated":true}]}}