{"id":4385,"date":"2025-03-10T09:01:33","date_gmt":"2025-03-10T08:01:33","guid":{"rendered":"https:\/\/pankert.com\/?page_id=4385"},"modified":"2025-03-10T09:03:58","modified_gmt":"2025-03-10T08:03:58","slug":"test-de-la-vue-chez-nous","status":"publish","type":"page","link":"https:\/\/pankert.com\/fr\/actions\/test-de-la-vue-chez-nous\/","title":{"rendered":"Test de la vue chez nous"},"content":{"rendered":"<p><strong>Nous vous conseillons avec plaisir<\/strong><\/p>\n<p>Prenez soin de votre vue avec notre test de la vision. Nous vous guiderons et vous conseillerons sur les meilleures solutions adapt\u00e9es \u00e0 vos besoins. Profitez d&rsquo;un diagnostic pr\u00e9cis et personnalis\u00e9 dans un cadre convivial. Venez nous voir d\u00e8s maintenant !<\/p>\n","protected":false},"excerpt":{"rendered":"Nous vous conseillons avec plaisir Prenez soin de votre vue avec notre test de la vision. Nous vous guiderons et vous conseillerons sur les meilleures solutions adapt\u00e9es \u00e0 vos besoins. Profitez d&rsquo;un diagnostic pr\u00e9cis et personnalis\u00e9 dans un cadre convivial. Venez nous voir d\u00e8s maintenant !","protected":false},"author":2,"featured_media":0,"parent":442,"menu_order":0,"comment_status":"closed","ping_status":"closed","template":"artikel.php","meta":{"inline_featured_image":false,"footnotes":""},"class_list":["post-4385","page","type-page","status-publish","hentry"],"acf":[],"_links":{"self":[{"href":"https:\/\/pankert.com\/fr\/wp-json\/wp\/v2\/pages\/4385","targetHints":{"allow":["GET"]}}],"collection":[{"href":"https:\/\/pankert.com\/fr\/wp-json\/wp\/v2\/pages"}],"about":[{"href":"https:\/\/pankert.com\/fr\/wp-json\/wp\/v2\/types\/page"}],"author":[{"embeddable":true,"href":"https:\/\/pankert.com\/fr\/wp-json\/wp\/v2\/users\/2"}],"replies":[{"embeddable":true,"href":"https:\/\/pankert.com\/fr\/wp-json\/wp\/v2\/comments?post=4385"}],"version-history":[{"count":2,"href":"https:\/\/pankert.com\/fr\/wp-json\/wp\/v2\/pages\/4385\/revisions"}],"predecessor-version":[{"id":4389,"href":"https:\/\/pankert.com\/fr\/wp-json\/wp\/v2\/pages\/4385\/revisions\/4389"}],"up":[{"embeddable":true,"href":"https:\/\/pankert.com\/fr\/wp-json\/wp\/v2\/pages\/442"}],"wp:attachment":[{"href":"https:\/\/pankert.com\/fr\/wp-json\/wp\/v2\/media?parent=4385"}],"curies":[{"name":"wp","href":"https:\/\/api.w.org\/{rel}","templated":true}]}}