{"id":4576,"date":"2025-12-01T09:31:08","date_gmt":"2025-12-01T08:31:08","guid":{"rendered":"https:\/\/pankert.com\/?page_id=4576"},"modified":"2025-12-01T09:42:18","modified_gmt":"2025-12-01T08:42:18","slug":"bientot-les-fetes-2","status":"publish","type":"page","link":"https:\/\/pankert.com\/fr\/actions\/bientot-les-fetes-2\/","title":{"rendered":"Bient\u00f4t les f\u00eates"},"content":{"rendered":"<p>Beaucoup de petites id\u00e9es cadeaux \u00e0 d\u00e9couvrir en magasin.<br \/>\nFaites plaisir \u00e0 vos proches tout en prenant soin de leurs yeux ! Venez nous voir, nous nous ferons un plaisir de vous conseiller afin de trouver le cadeau parfait.<\/p>\n","protected":false},"excerpt":{"rendered":"Beaucoup de petites id\u00e9es cadeaux \u00e0 d\u00e9couvrir en magasin. Faites plaisir \u00e0 vos proches tout en prenant soin de leurs yeux ! Venez nous voir, nous nous ferons un plaisir de vous conseiller afin de trouver le cadeau parfait.","protected":false},"author":2,"featured_media":0,"parent":442,"menu_order":0,"comment_status":"closed","ping_status":"closed","template":"artikel.php","meta":{"inline_featured_image":false,"footnotes":""},"class_list":["post-4576","page","type-page","status-publish","hentry"],"acf":[],"_links":{"self":[{"href":"https:\/\/pankert.com\/fr\/wp-json\/wp\/v2\/pages\/4576","targetHints":{"allow":["GET"]}}],"collection":[{"href":"https:\/\/pankert.com\/fr\/wp-json\/wp\/v2\/pages"}],"about":[{"href":"https:\/\/pankert.com\/fr\/wp-json\/wp\/v2\/types\/page"}],"author":[{"embeddable":true,"href":"https:\/\/pankert.com\/fr\/wp-json\/wp\/v2\/users\/2"}],"replies":[{"embeddable":true,"href":"https:\/\/pankert.com\/fr\/wp-json\/wp\/v2\/comments?post=4576"}],"version-history":[{"count":2,"href":"https:\/\/pankert.com\/fr\/wp-json\/wp\/v2\/pages\/4576\/revisions"}],"predecessor-version":[{"id":4578,"href":"https:\/\/pankert.com\/fr\/wp-json\/wp\/v2\/pages\/4576\/revisions\/4578"}],"up":[{"embeddable":true,"href":"https:\/\/pankert.com\/fr\/wp-json\/wp\/v2\/pages\/442"}],"wp:attachment":[{"href":"https:\/\/pankert.com\/fr\/wp-json\/wp\/v2\/media?parent=4576"}],"curies":[{"name":"wp","href":"https:\/\/api.w.org\/{rel}","templated":true}]}}