{"id":4596,"date":"2025-12-18T09:26:56","date_gmt":"2025-12-18T08:26:56","guid":{"rendered":"https:\/\/pankert.com\/?page_id=4596"},"modified":"2025-12-18T09:27:26","modified_gmt":"2025-12-18T08:27:26","slug":"soldes-dhiver-2","status":"publish","type":"page","link":"https:\/\/pankert.com\/fr\/actions\/soldes-dhiver-2\/","title":{"rendered":"Soldes d&rsquo;hiver"},"content":{"rendered":"<p><strong>02.01 &#8211; 31.01.2026<\/strong><\/p>\n<p><strong>-50 % -70 %<\/strong><\/p>\n<p>Profitez des soldes d\u2019hiver pour sublimer votre regard !<\/p>\n<p>D\u00e9couvrez une s\u00e9lection de montures de qualit\u00e9 \u00e0 prix exceptionnels. Design tendance, confort optimal et tarifs r\u00e9duits : c\u2019est le moment id\u00e9al pour trouver vos lunettes parfaites. Notre \u00e9quipe sera ravie de vous conseiller en magasin.<\/p>\n","protected":false},"excerpt":{"rendered":"02.01 &#8211; 31.01.2026 -50 % -70 % Profitez des soldes d\u2019hiver pour sublimer votre regard ! D\u00e9couvrez une s\u00e9lection de montures de qualit\u00e9 \u00e0 prix exceptionnels. Design tendance, confort optimal et tarifs r\u00e9duits : c\u2019est le moment id\u00e9al pour trouver vos lunettes parfaites. Notre \u00e9quipe sera ravie de vous conseiller en magasin.","protected":false},"author":2,"featured_media":0,"parent":442,"menu_order":0,"comment_status":"closed","ping_status":"closed","template":"artikel.php","meta":{"_acf_changed":false,"inline_featured_image":false,"footnotes":""},"class_list":["post-4596","page","type-page","status-publish","hentry"],"acf":[],"_links":{"self":[{"href":"https:\/\/pankert.com\/fr\/wp-json\/wp\/v2\/pages\/4596","targetHints":{"allow":["GET"]}}],"collection":[{"href":"https:\/\/pankert.com\/fr\/wp-json\/wp\/v2\/pages"}],"about":[{"href":"https:\/\/pankert.com\/fr\/wp-json\/wp\/v2\/types\/page"}],"author":[{"embeddable":true,"href":"https:\/\/pankert.com\/fr\/wp-json\/wp\/v2\/users\/2"}],"replies":[{"embeddable":true,"href":"https:\/\/pankert.com\/fr\/wp-json\/wp\/v2\/comments?post=4596"}],"version-history":[{"count":2,"href":"https:\/\/pankert.com\/fr\/wp-json\/wp\/v2\/pages\/4596\/revisions"}],"predecessor-version":[{"id":4598,"href":"https:\/\/pankert.com\/fr\/wp-json\/wp\/v2\/pages\/4596\/revisions\/4598"}],"up":[{"embeddable":true,"href":"https:\/\/pankert.com\/fr\/wp-json\/wp\/v2\/pages\/442"}],"wp:attachment":[{"href":"https:\/\/pankert.com\/fr\/wp-json\/wp\/v2\/media?parent=4596"}],"curies":[{"name":"wp","href":"https:\/\/api.w.org\/{rel}","templated":true}]}}