{"id":4714,"date":"2026-05-04T09:10:11","date_gmt":"2026-05-04T07:10:11","guid":{"rendered":"https:\/\/pankert.com\/?page_id=4714"},"modified":"2026-05-04T09:10:29","modified_gmt":"2026-05-04T07:10:29","slug":"le-soleil-a-lhonneur","status":"publish","type":"page","link":"https:\/\/pankert.com\/fr\/actions\/le-soleil-a-lhonneur\/","title":{"rendered":"Le soleil \u00e0 l\u2019honneur."},"content":{"rendered":"<p><strong>D\u00e9couvrez d\u00e8s maintenant notre large s\u00e9lection de lunettes de soleil.<\/strong><\/p>\n<p>D\u00e9couvrez notre s\u00e9lection de lunettes de soleil et trouvez le mod\u00e8le qui allie style et protection. Que ce soit pour la ville, les vacances ou vos activit\u00e9s en ext\u00e9rieur, nous vous proposons des montures adapt\u00e9es \u00e0 toutes les envies.<\/p>\n<p>Passez en magasin pour profiter de notre assortiment et de conseils personnalis\u00e9s.<\/p>\n","protected":false},"excerpt":{"rendered":"D\u00e9couvrez d\u00e8s maintenant notre large s\u00e9lection de lunettes de soleil. D\u00e9couvrez notre s\u00e9lection de lunettes de soleil et trouvez le mod\u00e8le qui allie style et protection. Que ce soit pour la ville, les vacances ou vos activit\u00e9s en ext\u00e9rieur, nous vous proposons des montures adapt\u00e9es \u00e0 toutes les envies. Passez en magasin pour profiter de&#8230; <a class=\"view-article\" href=\"https:\/\/pankert.com\/fr\/actions\/le-soleil-a-lhonneur\/\">View Article<\/a>","protected":false},"author":2,"featured_media":0,"parent":442,"menu_order":0,"comment_status":"closed","ping_status":"closed","template":"artikel.php","meta":{"_acf_changed":false,"inline_featured_image":false,"footnotes":""},"class_list":["post-4714","page","type-page","status-publish","hentry"],"acf":[],"_links":{"self":[{"href":"https:\/\/pankert.com\/fr\/wp-json\/wp\/v2\/pages\/4714","targetHints":{"allow":["GET"]}}],"collection":[{"href":"https:\/\/pankert.com\/fr\/wp-json\/wp\/v2\/pages"}],"about":[{"href":"https:\/\/pankert.com\/fr\/wp-json\/wp\/v2\/types\/page"}],"author":[{"embeddable":true,"href":"https:\/\/pankert.com\/fr\/wp-json\/wp\/v2\/users\/2"}],"replies":[{"embeddable":true,"href":"https:\/\/pankert.com\/fr\/wp-json\/wp\/v2\/comments?post=4714"}],"version-history":[{"count":2,"href":"https:\/\/pankert.com\/fr\/wp-json\/wp\/v2\/pages\/4714\/revisions"}],"predecessor-version":[{"id":4716,"href":"https:\/\/pankert.com\/fr\/wp-json\/wp\/v2\/pages\/4714\/revisions\/4716"}],"up":[{"embeddable":true,"href":"https:\/\/pankert.com\/fr\/wp-json\/wp\/v2\/pages\/442"}],"wp:attachment":[{"href":"https:\/\/pankert.com\/fr\/wp-json\/wp\/v2\/media?parent=4714"}],"curies":[{"name":"wp","href":"https:\/\/api.w.org\/{rel}","templated":true}]}}